{"id":73,"date":"2016-06-24T17:00:02","date_gmt":"2016-06-24T14:00:02","guid":{"rendered":"http:\/\/www.xmetall.com\/?page_id=73"},"modified":"2023-04-15T12:37:14","modified_gmt":"2023-04-15T09:37:14","slug":"kalts-mangals-73cm","status":"publish","type":"page","link":"http:\/\/www.xmetall.com\/lv\/kalts-mangals-73cm\/","title":{"rendered":"Kalts mangals 73cm"},"content":{"rendered":"<p><\/p>\n<h2 style=\"text-align: center;\">Kalts mangals no <strong>6mm<\/strong> bieza t\u0113rauda s2235 markas.<br \/>\nDivi l\u012bme\u0146i \u0161ampuru uzst\u0101d\u012b\u0161anai.<br \/>\nIzgatavots p\u0113c m\u016bsdien\u012bg\u0101m tehnolo\u0123ij\u0101m un ar roku darbu.<br \/>\nPateicoties biezam met\u0101lam &#8211; ilgm\u016b\u017e\u012bgs un var kurin\u0101t ar malku.<br \/>\nIesp\u0113jama pieg\u0101de.<\/h2>\n<p style=\"text-align: center;\"><strong><em>garums 73cm \u00a0&#8211; \u00a0platums 35cm \u00a0&#8211; \u00a0dzi\u013cums 21cm \u00a0&#8211; \u00a0augstums 90cm<\/em><ins class=\"copy_element\"><br \/>\n<\/ins><\/strong><\/p>\n<h2 style=\"text-align: center;\"><strong>cena &#8211; 220eur.<\/strong><\/h2>\n<p><a href=\"http:\/\/www.xmetall.com\/kalts-mangals-73cm\/m73-01\/\" rel=\"attachment wp-att-193 noopener\"><img loading=\"lazy\" decoding=\"async\" class=\"alignright wp-image-193 size-medium\" src=\"http:\/\/www.xmetall.com\/wp-content\/uploads\/2016\/06\/m73-01-300x240.jpg\" alt=\"\" width=\"300\" height=\"240\" srcset=\"http:\/\/www.xmetall.com\/wp-content\/uploads\/2016\/06\/m73-01-300x240.jpg 300w, http:\/\/www.xmetall.com\/wp-content\/uploads\/2016\/06\/m73-01-768x615.jpg 768w, http:\/\/www.xmetall.com\/wp-content\/uploads\/2016\/06\/m73-01-187x150.jpg 187w, http:\/\/www.xmetall.com\/wp-content\/uploads\/2016\/06\/m73-01-150x120.jpg 150w, http:\/\/www.xmetall.com\/wp-content\/uploads\/2016\/06\/m73-01.jpg 959w\" sizes=\"auto, (max-width: 300px) 100vw, 300px\" \/><\/a><\/p>\n<p><a href=\"http:\/\/www.xmetall.com\/kalts-mangals-73cm\/m73-02\/\" rel=\"attachment wp-att-194 noopener\"><img loading=\"lazy\" decoding=\"async\" class=\"alignnone wp-image-194 size-thumbnail\" src=\"http:\/\/www.xmetall.com\/wp-content\/uploads\/2016\/06\/m73-02-150x150.jpg\" alt=\"\" width=\"150\" height=\"150\" \/><\/a><a href=\"http:\/\/www.xmetall.com\/kalts-mangals-73cm\/m73-003\/\" rel=\"attachment wp-att-195 noopener\"><img loading=\"lazy\" decoding=\"async\" class=\"alignnone wp-image-195 size-thumbnail\" src=\"http:\/\/www.xmetall.com\/wp-content\/uploads\/2016\/06\/m73-003-150x150.jpg\" alt=\"\" width=\"150\" height=\"150\" \/><\/a><a href=\"http:\/\/www.xmetall.com\/kalts-mangals-73cm\/m73-04\/\" rel=\"attachment wp-att-196 noopener\"><img loading=\"lazy\" decoding=\"async\" class=\"alignnone wp-image-196 size-thumbnail\" src=\"http:\/\/www.xmetall.com\/wp-content\/uploads\/2016\/06\/m73-04-150x150.jpg\" alt=\"\" width=\"150\" height=\"150\" \/><\/a><a href=\"http:\/\/www.xmetall.com\/kalts-mangals-73cm\/m73-05\/\" rel=\"attachment wp-att-197 noopener\"><img loading=\"lazy\" decoding=\"async\" class=\"alignnone wp-image-197 size-thumbnail\" src=\"http:\/\/www.xmetall.com\/wp-content\/uploads\/2016\/06\/m73-05-150x150.jpg\" alt=\"\" width=\"150\" height=\"150\" \/><\/a><a href=\"http:\/\/www.xmetall.com\/kalts-mangals-73cm\/m73-06\/\" rel=\"attachment wp-att-198 noopener\"><img loading=\"lazy\" decoding=\"async\" class=\"alignnone wp-image-198 size-thumbnail\" src=\"http:\/\/www.xmetall.com\/wp-content\/uploads\/2016\/06\/m73-06-150x150.jpg\" alt=\"\" width=\"150\" height=\"150\" \/><\/a><a href=\"http:\/\/www.xmetall.com\/kalts-mangals-73cm\/m73-07\/\" rel=\"attachment wp-att-199 noopener\"><img loading=\"lazy\" decoding=\"async\" class=\"alignnone wp-image-199 size-thumbnail\" src=\"http:\/\/www.xmetall.com\/wp-content\/uploads\/2016\/06\/m73-07-150x150.jpg\" alt=\"\" width=\"150\" height=\"150\" \/><\/a><\/p>\n<p style=\"text-align: center;\">\n<p><\/p>","protected":false},"excerpt":{"rendered":"<p>Kalts mangals no 6mm bieza t\u0113rauda s2235 markas. Divi l\u012bme\u0146i \u0161ampuru uzst\u0101d\u012b\u0161anai. Izgatavots p\u0113c m\u016bsdien\u012bg\u0101m tehnolo\u0123ij\u0101m un ar roku darbu. Pateicoties biezam met\u0101lam &#8211; ilgm\u016b\u017e\u012bgs un var kurin\u0101t ar malku. Iesp\u0113jama pieg\u0101de. garums 73cm \u00a0&#8211; \u00a0platums 35cm \u00a0&#8211; \u00a0dzi\u013cums 21cm \u00a0&#8211; \u00a0augstums 90cm cena &#8211; 220eur.<\/p>\n","protected":false},"author":1,"featured_media":0,"parent":0,"menu_order":0,"comment_status":"closed","ping_status":"closed","template":"","meta":{"footnotes":""},"class_list":["post-73","page","type-page","status-publish","hentry"],"_links":{"self":[{"href":"http:\/\/www.xmetall.com\/lv\/wp-json\/wp\/v2\/pages\/73","targetHints":{"allow":["GET"]}}],"collection":[{"href":"http:\/\/www.xmetall.com\/lv\/wp-json\/wp\/v2\/pages"}],"about":[{"href":"http:\/\/www.xmetall.com\/lv\/wp-json\/wp\/v2\/types\/page"}],"author":[{"embeddable":true,"href":"http:\/\/www.xmetall.com\/lv\/wp-json\/wp\/v2\/users\/1"}],"replies":[{"embeddable":true,"href":"http:\/\/www.xmetall.com\/lv\/wp-json\/wp\/v2\/comments?post=73"}],"version-history":[{"count":10,"href":"http:\/\/www.xmetall.com\/lv\/wp-json\/wp\/v2\/pages\/73\/revisions"}],"predecessor-version":[{"id":612,"href":"http:\/\/www.xmetall.com\/lv\/wp-json\/wp\/v2\/pages\/73\/revisions\/612"}],"wp:attachment":[{"href":"http:\/\/www.xmetall.com\/lv\/wp-json\/wp\/v2\/media?parent=73"}],"curies":[{"name":"wp","href":"https:\/\/api.w.org\/{rel}","templated":true}]}}