{"id":26,"date":"2016-06-24T15:11:41","date_gmt":"2016-06-24T12:11:41","guid":{"rendered":"http:\/\/www.xmetall.com\/?page_id=26"},"modified":"2023-04-15T10:54:26","modified_gmt":"2023-04-15T07:54:26","slug":"kalts-mangals-50cm","status":"publish","type":"page","link":"http:\/\/www.xmetall.com\/lv\/kalts-mangals-50cm\/","title":{"rendered":"Kalts mangals 50cm"},"content":{"rendered":"<p><\/p>\n<h2 style=\"text-align: center;\">\u00a0Kalts mangals no <strong>6mm<\/strong> bieza t\u0113rauda s235 markas.<br \/>\nDivi l\u012bme\u0146i \u0161ampuru uzst\u0101d\u012b\u0161anai.<br \/>\nIzgatavots p\u0113c m\u016bsdien\u012bg\u0101m tehnolo\u0123ij\u0101m un ar roku darbu.<br \/>\nPateicoties biezam met\u0101lam &#8211; ilgm\u016b\u017e\u012bgs un var kurin\u0101t ar malku.<br \/>\nIesp\u0113jama pieg\u0101de.<\/h2>\n<p style=\"text-align: center;\"><em><strong>garums 50cm \u00a0 &#8211; \u00a0\u00a0platums 30cm \u00a0 &#8211; \u00a0\u00a0dzi\u013cums 19cm \u00a0 &#8211; \u00a0\u00a0augstums 90cm<\/strong><\/em><\/p>\n<h2 style=\"text-align: center;\"><strong>cena\u00a0 \u00a0170-eur<\/strong><\/h2>\n<p><a href=\"http:\/\/www.xmetall.com\/kalts-mangals-50cm\/m50-01\/\" rel=\"noopener\"><img loading=\"lazy\" decoding=\"async\" class=\"alignright wp-image-177 size-medium\" src=\"http:\/\/www.xmetall.com\/wp-content\/uploads\/2016\/06\/m50-01-240x300.jpg\" alt=\"\" width=\"240\" height=\"300\" srcset=\"http:\/\/www.xmetall.com\/wp-content\/uploads\/2016\/06\/m50-01-240x300.jpg 240w, http:\/\/www.xmetall.com\/wp-content\/uploads\/2016\/06\/m50-01.jpg 768w, http:\/\/www.xmetall.com\/wp-content\/uploads\/2016\/06\/m50-01-120x150.jpg 120w\" sizes=\"auto, (max-width: 240px) 100vw, 240px\" \/><\/a><\/p>\n<p><a href=\"http:\/\/www.xmetall.com\/kalts-mangals-50cm\/m50-07\/\" rel=\"noopener\"><img loading=\"lazy\" decoding=\"async\" class=\"alignnone wp-image-183 size-thumbnail\" src=\"http:\/\/www.xmetall.com\/wp-content\/uploads\/2016\/06\/m50-07-150x150.jpg\" alt=\"\" width=\"150\" height=\"150\" \/><\/a><a href=\"http:\/\/www.xmetall.com\/kalts-mangals-50cm\/m50-06\/\" rel=\"noopener\"><img loading=\"lazy\" decoding=\"async\" class=\"alignnone wp-image-182 size-thumbnail\" src=\"http:\/\/www.xmetall.com\/wp-content\/uploads\/2016\/06\/m50-06-150x150.jpg\" alt=\"\" width=\"150\" height=\"150\" \/><\/a><a href=\"http:\/\/www.xmetall.com\/kalts-mangals-50cm\/m50-05\/\" rel=\"noopener\"><img loading=\"lazy\" decoding=\"async\" class=\"alignnone wp-image-181 size-thumbnail\" src=\"http:\/\/www.xmetall.com\/wp-content\/uploads\/2016\/06\/m50-05-150x150.jpg\" alt=\"\" width=\"150\" height=\"150\" \/><\/a><a href=\"http:\/\/www.xmetall.com\/kalts-mangals-50cm\/m50-04\/\" rel=\"noopener\"><img loading=\"lazy\" decoding=\"async\" class=\"alignnone wp-image-180 size-thumbnail\" src=\"http:\/\/www.xmetall.com\/wp-content\/uploads\/2016\/06\/m50-04-150x150.jpg\" alt=\"\" width=\"150\" height=\"150\" \/><\/a><a href=\"http:\/\/www.xmetall.com\/kalts-mangals-50cm\/m50-03\/\" rel=\"noopener\"><img loading=\"lazy\" decoding=\"async\" class=\"alignnone wp-image-179 size-thumbnail\" src=\"http:\/\/www.xmetall.com\/wp-content\/uploads\/2016\/06\/m50-03-150x150.jpg\" alt=\"\" width=\"150\" height=\"150\" \/><\/a><a href=\"http:\/\/www.xmetall.com\/kalts-mangals-50cm\/m50-02\/\" rel=\"noopener\"><img loading=\"lazy\" decoding=\"async\" class=\"alignnone wp-image-178 size-thumbnail\" src=\"http:\/\/www.xmetall.com\/wp-content\/uploads\/2016\/06\/m50-02-150x150.jpg\" alt=\"\" width=\"150\" height=\"150\" \/><\/a><\/p>","protected":false},"excerpt":{"rendered":"<p>\u00a0Kalts mangals no 6mm bieza t\u0113rauda s235 markas. Divi l\u012bme\u0146i \u0161ampuru uzst\u0101d\u012b\u0161anai. Izgatavots p\u0113c m\u016bsdien\u012bg\u0101m tehnolo\u0123ij\u0101m un ar roku darbu. Pateicoties biezam met\u0101lam &#8211; ilgm\u016b\u017e\u012bgs un var kurin\u0101t ar malku. Iesp\u0113jama pieg\u0101de. garums 50cm \u00a0 &#8211; \u00a0\u00a0platums 30cm \u00a0 &#8211; \u00a0\u00a0dzi\u013cums 19cm \u00a0 &#8211; \u00a0\u00a0augstums 90cm cena\u00a0 \u00a0170-eur<\/p>\n","protected":false},"author":1,"featured_media":0,"parent":0,"menu_order":0,"comment_status":"closed","ping_status":"closed","template":"","meta":{"footnotes":""},"class_list":["post-26","page","type-page","status-publish","hentry"],"_links":{"self":[{"href":"http:\/\/www.xmetall.com\/lv\/wp-json\/wp\/v2\/pages\/26","targetHints":{"allow":["GET"]}}],"collection":[{"href":"http:\/\/www.xmetall.com\/lv\/wp-json\/wp\/v2\/pages"}],"about":[{"href":"http:\/\/www.xmetall.com\/lv\/wp-json\/wp\/v2\/types\/page"}],"author":[{"embeddable":true,"href":"http:\/\/www.xmetall.com\/lv\/wp-json\/wp\/v2\/users\/1"}],"replies":[{"embeddable":true,"href":"http:\/\/www.xmetall.com\/lv\/wp-json\/wp\/v2\/comments?post=26"}],"version-history":[{"count":9,"href":"http:\/\/www.xmetall.com\/lv\/wp-json\/wp\/v2\/pages\/26\/revisions"}],"predecessor-version":[{"id":604,"href":"http:\/\/www.xmetall.com\/lv\/wp-json\/wp\/v2\/pages\/26\/revisions\/604"}],"wp:attachment":[{"href":"http:\/\/www.xmetall.com\/lv\/wp-json\/wp\/v2\/media?parent=26"}],"curies":[{"name":"wp","href":"https:\/\/api.w.org\/{rel}","templated":true}]}}