{"id":2,"date":"2016-04-03T19:04:36","date_gmt":"2016-04-03T16:04:36","guid":{"rendered":"http:\/\/www.xmetall.com\/?page_id=2"},"modified":"2023-04-15T10:34:37","modified_gmt":"2023-04-15T07:34:37","slug":"sample-page","status":"publish","type":"page","link":"http:\/\/www.xmetall.com\/lv\/","title":{"rendered":"Kaltie grili"},"content":{"rendered":"<p><\/p>\n<h2 style=\"text-align: center;\">Kaltie grili mangali<\/h2>\n<h2 style=\"text-align: center;\">Autora darbi no ra\u017eot\u0101ja rok\u0101m.\u00a0<ins class=\"copy_element\"><br \/>\n<\/ins>no\u00a0<strong>6mm<\/strong>\u00a0bieza t\u0113rauda s235 markas.<br \/>\nDivi l\u012bme\u0146i \u0161ampuru uzst\u0101d\u012b\u0161anai.<br \/>\nIzgatavots p\u0113c m\u016bsdien\u012bg\u0101m tehnolo\u0123ij\u0101m un ar roku darbu.<br \/>\nPateicoties biezam met\u0101lam \u2013 ilgm\u016b\u017e\u012bgs un var kurin\u0101t ar malku.<br \/>\nIesp\u0113jama pieg\u0101de.<\/h2>\n<div id=\"attachment_177\" style=\"width: 160px\" class=\"wp-caption alignleft\"><a href=\"http:\/\/www.xmetall.com\/lv\/kalts-mangals-50cm\/\" rel=\"attachment wp-att-177\"><img loading=\"lazy\" decoding=\"async\" aria-describedby=\"caption-attachment-177\" class=\"wp-image-177 size-thumbnail\" src=\"http:\/\/www.xmetall.com\/wp-content\/uploads\/2016\/06\/m50-01-150x150.jpg\" alt=\"\" width=\"150\" height=\"150\" \/><\/a><p id=\"caption-attachment-177\" class=\"wp-caption-text\">Mangals &#8211; 50cm.\u00a0 &#8211;\u00a0 \u00a0 \u00a0 \u00a0 \u00a0 \u00a0 \u00a0170eur.<\/p><\/div>\n<div id=\"attachment_193\" style=\"width: 160px\" class=\"wp-caption alignleft\"><a href=\"http:\/\/www.xmetall.com\/lv\/kalts-mangals-73cm\/\" rel=\"attachment wp-att-193\"><img loading=\"lazy\" decoding=\"async\" aria-describedby=\"caption-attachment-193\" class=\"wp-image-193 size-thumbnail\" src=\"http:\/\/www.xmetall.com\/wp-content\/uploads\/2016\/06\/m73-01-150x150.jpg\" alt=\"\" width=\"150\" height=\"150\" \/><\/a><p id=\"caption-attachment-193\" class=\"wp-caption-text\">Mangals &#8211; 73cm.\u00a0 &#8211;\u00a0 \u00a0 \u00a0 \u00a0 \u00a0 \u00a0 220eur.\u00a0<\/p><\/div>\n<div id=\"attachment_208\" style=\"width: 160px\" class=\"wp-caption alignleft\"><a href=\"http:\/\/www.xmetall.com\/lv\/kalts-mangals-100cm\/\" rel=\"attachment wp-att-208\"><img loading=\"lazy\" decoding=\"async\" aria-describedby=\"caption-attachment-208\" class=\"wp-image-208 size-thumbnail\" src=\"http:\/\/www.xmetall.com\/wp-content\/uploads\/2016\/06\/m100-02-150x150.jpg\" alt=\"\" width=\"150\" height=\"150\" \/><\/a><p id=\"caption-attachment-208\" class=\"wp-caption-text\">Mangals &#8211; 100cm.\u00a0 &#8211;\u00a0 \u00a0 \u00a0 \u00a0 270eur.<\/p><\/div>\n<div id=\"attachment_171\" style=\"width: 160px\" class=\"wp-caption alignleft\"><a href=\"http:\/\/www.xmetall.com\/lv\/sample-page\/uzraksts\/\" rel=\"attachment wp-att-171\"><img loading=\"lazy\" decoding=\"async\" aria-describedby=\"caption-attachment-171\" class=\"wp-image-171 size-thumbnail\" src=\"http:\/\/www.xmetall.com\/wp-content\/uploads\/2017\/11\/ma-09-1-150x150.jpg\" alt=\"\" width=\"150\" height=\"150\" \/><\/a><p id=\"caption-attachment-171\" class=\"wp-caption-text\">Uzraksts<\/p><\/div>\n<div id=\"attachment_141\" style=\"width: 160px\" class=\"wp-caption alignleft\"><a href=\"http:\/\/www.xmetall.com\/lv\/galerija\/\" rel=\"attachment wp-att-141\"><img loading=\"lazy\" decoding=\"async\" aria-describedby=\"caption-attachment-141\" class=\"wp-image-141 size-thumbnail\" src=\"http:\/\/www.xmetall.com\/wp-content\/uploads\/2017\/11\/ma-16-150x150.jpg\" alt=\"\" width=\"150\" height=\"150\" \/><\/a><p id=\"caption-attachment-141\" class=\"wp-caption-text\">Galerija<\/p><\/div>\n<p><\/p>","protected":false},"excerpt":{"rendered":"<p>Kaltie grili mangali Autora darbi no ra\u017eot\u0101ja rok\u0101m.\u00a0 no\u00a06mm\u00a0bieza t\u0113rauda s235 markas. Divi l\u012bme\u0146i \u0161ampuru uzst\u0101d\u012b\u0161anai. Izgatavots p\u0113c m\u016bsdien\u012bg\u0101m tehnolo\u0123ij\u0101m un ar roku darbu. Pateicoties biezam met\u0101lam \u2013 ilgm\u016b\u017e\u012bgs un var kurin\u0101t ar malku. Iesp\u0113jama pieg\u0101de.<\/p>\n","protected":false},"author":1,"featured_media":0,"parent":0,"menu_order":0,"comment_status":"closed","ping_status":"closed","template":"","meta":{"footnotes":""},"class_list":["post-2","page","type-page","status-publish","hentry"],"_links":{"self":[{"href":"http:\/\/www.xmetall.com\/lv\/wp-json\/wp\/v2\/pages\/2","targetHints":{"allow":["GET"]}}],"collection":[{"href":"http:\/\/www.xmetall.com\/lv\/wp-json\/wp\/v2\/pages"}],"about":[{"href":"http:\/\/www.xmetall.com\/lv\/wp-json\/wp\/v2\/types\/page"}],"author":[{"embeddable":true,"href":"http:\/\/www.xmetall.com\/lv\/wp-json\/wp\/v2\/users\/1"}],"replies":[{"embeddable":true,"href":"http:\/\/www.xmetall.com\/lv\/wp-json\/wp\/v2\/comments?post=2"}],"version-history":[{"count":9,"href":"http:\/\/www.xmetall.com\/lv\/wp-json\/wp\/v2\/pages\/2\/revisions"}],"predecessor-version":[{"id":592,"href":"http:\/\/www.xmetall.com\/lv\/wp-json\/wp\/v2\/pages\/2\/revisions\/592"}],"wp:attachment":[{"href":"http:\/\/www.xmetall.com\/lv\/wp-json\/wp\/v2\/media?parent=2"}],"curies":[{"name":"wp","href":"https:\/\/api.w.org\/{rel}","templated":true}]}}