{"id":153,"date":"2017-11-13T18:49:34","date_gmt":"2017-11-13T15:49:34","guid":{"rendered":"http:\/\/www.xmetall.com\/?page_id=153"},"modified":"2022-05-01T11:15:35","modified_gmt":"2022-05-01T08:15:35","slug":"uzraksts","status":"publish","type":"page","link":"http:\/\/www.xmetall.com\/lv\/uzraksts\/","title":{"rendered":"Uzraksts"},"content":{"rendered":"<p><\/p>\n<h2 style=\"text-align: center;\"><em>\u00a0<\/em>Ir iesp\u0113ja personaliz\u0113t j\u016bsu izstr\u0101d\u0101jums.<\/h2>\n<h2 style=\"text-align: center;\">6eur. -burts<\/h2>\n<h2><\/h2>\n<p><a href=\"http:\/\/www.xmetall.com\/sample-page\/uzraksts\/ma-02\/\" rel=\"attachment wp-att-269\"><img loading=\"lazy\" decoding=\"async\" class=\"alignleft size-medium wp-image-269\" src=\"http:\/\/www.xmetall.com\/wp-content\/uploads\/2017\/11\/ma-02-300x225.jpg\" alt=\"\" width=\"300\" height=\"225\" srcset=\"http:\/\/www.xmetall.com\/wp-content\/uploads\/2017\/11\/ma-02-300x225.jpg 300w, http:\/\/www.xmetall.com\/wp-content\/uploads\/2017\/11\/ma-02-768x577.jpg 768w, http:\/\/www.xmetall.com\/wp-content\/uploads\/2017\/11\/ma-02-200x150.jpg 200w, http:\/\/www.xmetall.com\/wp-content\/uploads\/2017\/11\/ma-02-150x113.jpg 150w, http:\/\/www.xmetall.com\/wp-content\/uploads\/2017\/11\/ma-02.jpg 1023w\" sizes=\"auto, (max-width: 300px) 100vw, 300px\" \/><\/a><\/p>\n<p><a href=\"http:\/\/www.xmetall.com\/sample-page\/uzraksts\/ma-05\/\" rel=\"attachment wp-att-166\"><img loading=\"lazy\" decoding=\"async\" class=\"alignleft wp-image-166 size-thumbnail\" src=\"http:\/\/www.xmetall.com\/wp-content\/uploads\/2017\/11\/ma-05-150x150.jpg\" alt=\"\" width=\"150\" height=\"150\" \/><\/a> <a href=\"http:\/\/www.xmetall.com\/sample-page\/uzraksts\/ma-03\/\" rel=\"attachment wp-att-158\"><img loading=\"lazy\" decoding=\"async\" class=\"alignleft wp-image-158 size-thumbnail\" src=\"http:\/\/www.xmetall.com\/wp-content\/uploads\/2017\/11\/ma-03-150x150.jpg\" alt=\"\" width=\"150\" height=\"150\" \/><\/a> <a href=\"http:\/\/www.xmetall.com\/sample-page\/uzraksts\/ma-04\/\" rel=\"attachment wp-att-165\"><img loading=\"lazy\" decoding=\"async\" class=\"alignleft wp-image-165 size-thumbnail\" src=\"http:\/\/www.xmetall.com\/wp-content\/uploads\/2017\/11\/ma-04-150x150.jpg\" alt=\"\" width=\"150\" height=\"150\" \/><\/a> <a href=\"http:\/\/www.xmetall.com\/sample-page\/uzraksts\/ma-01\/\" rel=\"attachment wp-att-167\"><img loading=\"lazy\" decoding=\"async\" class=\"alignleft wp-image-167 size-thumbnail\" src=\"http:\/\/www.xmetall.com\/wp-content\/uploads\/2017\/11\/ma-01-150x150.jpg\" alt=\"\" width=\"150\" height=\"150\" \/><\/a> <a href=\"http:\/\/www.xmetall.com\/sample-page\/uzraksts\/ma-06\/\" rel=\"attachment wp-att-168\"><img loading=\"lazy\" decoding=\"async\" class=\"alignleft wp-image-168 size-thumbnail\" src=\"http:\/\/www.xmetall.com\/wp-content\/uploads\/2017\/11\/ma-06-150x150.jpg\" alt=\"\" width=\"150\" height=\"150\" \/><\/a> <a href=\"http:\/\/www.xmetall.com\/sample-page\/uzraksts\/ma-08\/\" rel=\"attachment wp-att-170\"><img loading=\"lazy\" decoding=\"async\" class=\"alignleft wp-image-170 size-thumbnail\" src=\"http:\/\/www.xmetall.com\/wp-content\/uploads\/2017\/11\/ma-08-150x150.jpg\" alt=\"\" width=\"150\" height=\"150\" \/><\/a> <a href=\"http:\/\/www.xmetall.com\/sample-page\/uzraksts\/ma-09-2\/\" rel=\"attachment wp-att-171\"><img loading=\"lazy\" decoding=\"async\" class=\"alignleft wp-image-171 size-thumbnail\" src=\"http:\/\/www.xmetall.com\/wp-content\/uploads\/2017\/11\/ma-09-1-150x150.jpg\" alt=\"\" width=\"150\" height=\"150\" \/><\/a> <a href=\"http:\/\/www.xmetall.com\/sample-page\/uzraksts\/ma-10\/\" rel=\"attachment wp-att-172\"><img loading=\"lazy\" decoding=\"async\" class=\"alignnone size-thumbnail wp-image-172\" src=\"http:\/\/www.xmetall.com\/wp-content\/uploads\/2017\/11\/ma-10-150x150.jpg\" alt=\"\" width=\"150\" height=\"150\" \/><\/a><\/p>","protected":false},"excerpt":{"rendered":"<p>\u00a0Ir iesp\u0113ja personaliz\u0113t j\u016bsu izstr\u0101d\u0101jums. 6eur. -burts<\/p>\n","protected":false},"author":1,"featured_media":0,"parent":0,"menu_order":0,"comment_status":"closed","ping_status":"closed","template":"","meta":{"footnotes":""},"class_list":["post-153","page","type-page","status-publish","hentry"],"_links":{"self":[{"href":"http:\/\/www.xmetall.com\/lv\/wp-json\/wp\/v2\/pages\/153","targetHints":{"allow":["GET"]}}],"collection":[{"href":"http:\/\/www.xmetall.com\/lv\/wp-json\/wp\/v2\/pages"}],"about":[{"href":"http:\/\/www.xmetall.com\/lv\/wp-json\/wp\/v2\/types\/page"}],"author":[{"embeddable":true,"href":"http:\/\/www.xmetall.com\/lv\/wp-json\/wp\/v2\/users\/1"}],"replies":[{"embeddable":true,"href":"http:\/\/www.xmetall.com\/lv\/wp-json\/wp\/v2\/comments?post=153"}],"version-history":[{"count":10,"href":"http:\/\/www.xmetall.com\/lv\/wp-json\/wp\/v2\/pages\/153\/revisions"}],"predecessor-version":[{"id":449,"href":"http:\/\/www.xmetall.com\/lv\/wp-json\/wp\/v2\/pages\/153\/revisions\/449"}],"wp:attachment":[{"href":"http:\/\/www.xmetall.com\/lv\/wp-json\/wp\/v2\/media?parent=153"}],"curies":[{"name":"wp","href":"https:\/\/api.w.org\/{rel}","templated":true}]}}