{"id":100,"date":"2016-06-24T18:22:36","date_gmt":"2016-06-24T15:22:36","guid":{"rendered":"http:\/\/www.xmetall.com\/?page_id=100"},"modified":"2023-04-15T10:36:14","modified_gmt":"2023-04-15T07:36:14","slug":"kalts-mangals-100cm","status":"publish","type":"page","link":"http:\/\/www.xmetall.com\/lv\/kalts-mangals-100cm\/","title":{"rendered":"Kalts mangals 100cm"},"content":{"rendered":"<p><\/p>\n<h2 style=\"text-align: center;\">Kalts mangals no <strong>6mm<\/strong> bieza t\u0113rauda s235 markas.<br \/>\nDivi l\u012bme\u0146i \u0161ampuru uzst\u0101d\u012b\u0161anai.<br \/>\nIzgatavots p\u0113c m\u016bsdien\u012bg\u0101m tehnolo\u0123ij\u0101m un ar roku darbu.<br \/>\nPateicoties biezam met\u0101lam &#8211; ilgm\u016b\u017e\u012bgs un var kurin\u0101t ar malku.<br \/>\nIesp\u0113jama pieg\u0101de.<\/h2>\n<p style=\"text-align: center;\"><em><strong>garums 100cm \u00a0&#8211; \u00a0platums 35cm \u00a0&#8211; \u00a0dzi\u013cums 21cm \u00a0&#8211; \u00a0augstums 90cm<\/strong><\/em><ins class=\"copy_element\"><br \/>\n<\/ins><\/p>\n<h2 style=\"text-align: center;\"><strong>cena &#8211; 270eur.<\/strong><\/h2>\n<p><a href=\"http:\/\/www.xmetall.com\/kalts-mangals-100cm\/m100-02\/\" rel=\"attachment wp-att-208 noopener\"><img loading=\"lazy\" decoding=\"async\" class=\"alignright wp-image-208 size-medium\" src=\"http:\/\/www.xmetall.com\/wp-content\/uploads\/2016\/06\/m100-02-300x227.jpg\" alt=\"\" width=\"300\" height=\"227\" srcset=\"http:\/\/www.xmetall.com\/wp-content\/uploads\/2016\/06\/m100-02-300x227.jpg 300w, http:\/\/www.xmetall.com\/wp-content\/uploads\/2016\/06\/m100-02-768x582.jpg 768w, http:\/\/www.xmetall.com\/wp-content\/uploads\/2016\/06\/m100-02-198x150.jpg 198w, http:\/\/www.xmetall.com\/wp-content\/uploads\/2016\/06\/m100-02-150x114.jpg 150w, http:\/\/www.xmetall.com\/wp-content\/uploads\/2016\/06\/m100-02.jpg 974w\" sizes=\"auto, (max-width: 300px) 100vw, 300px\" \/><\/a><\/p>\n<p><a href=\"http:\/\/www.xmetall.com\/kalts-mangals-100cm\/m100-03\/\" rel=\"attachment wp-att-209 noopener\"><img loading=\"lazy\" decoding=\"async\" class=\"alignnone wp-image-209 size-thumbnail\" src=\"http:\/\/www.xmetall.com\/wp-content\/uploads\/2016\/06\/m100-03-150x150.jpg\" alt=\"\" width=\"150\" height=\"150\" \/><\/a><a href=\"http:\/\/www.xmetall.com\/kalts-mangals-100cm\/m100-04\/\" rel=\"attachment wp-att-210 noopener\"><img loading=\"lazy\" decoding=\"async\" class=\"alignnone wp-image-210 size-thumbnail\" src=\"http:\/\/www.xmetall.com\/wp-content\/uploads\/2016\/06\/m100-04-150x150.jpg\" alt=\"\" width=\"150\" height=\"150\" \/><\/a><a href=\"http:\/\/www.xmetall.com\/kalts-mangals-100cm\/m100-05\/\" rel=\"attachment wp-att-211 noopener\"><img loading=\"lazy\" decoding=\"async\" class=\"alignnone wp-image-211 size-thumbnail\" src=\"http:\/\/www.xmetall.com\/wp-content\/uploads\/2016\/06\/m100-05-150x150.jpg\" alt=\"\" width=\"150\" height=\"150\" \/><\/a><a href=\"http:\/\/www.xmetall.com\/kalts-mangals-100cm\/m100-06\/\" rel=\"attachment wp-att-212 noopener\"><img loading=\"lazy\" decoding=\"async\" class=\"alignnone wp-image-212 size-thumbnail\" src=\"http:\/\/www.xmetall.com\/wp-content\/uploads\/2016\/06\/m100-06-150x150.jpg\" alt=\"\" width=\"150\" height=\"150\" \/><\/a><a href=\"http:\/\/www.xmetall.com\/kalts-mangals-100cm\/m100-07\/\" rel=\"attachment wp-att-213 noopener\"><img loading=\"lazy\" decoding=\"async\" class=\"alignnone wp-image-213 size-thumbnail\" src=\"http:\/\/www.xmetall.com\/wp-content\/uploads\/2016\/06\/m100-07-150x150.jpg\" alt=\"\" width=\"150\" height=\"150\" \/><\/a><a href=\"http:\/\/www.xmetall.com\/kalts-mangals-100cm\/m100-08\/\" rel=\"attachment wp-att-214 noopener\"><img loading=\"lazy\" decoding=\"async\" class=\"alignnone wp-image-214 size-thumbnail\" src=\"http:\/\/www.xmetall.com\/wp-content\/uploads\/2016\/06\/m100-08-150x150.jpg\" alt=\"\" width=\"150\" height=\"150\" \/><\/a><a href=\"http:\/\/www.xmetall.com\/kalts-mangals-100cm\/m100-01\/\" rel=\"attachment wp-att-207 noopener\"><img loading=\"lazy\" decoding=\"async\" class=\"alignnone wp-image-207 size-thumbnail\" src=\"http:\/\/www.xmetall.com\/wp-content\/uploads\/2016\/06\/m100-01-150x150.jpg\" alt=\"\" width=\"150\" height=\"150\" \/><\/a><\/p>","protected":false},"excerpt":{"rendered":"<p>Kalts mangals no 6mm bieza t\u0113rauda s235 markas. Divi l\u012bme\u0146i \u0161ampuru uzst\u0101d\u012b\u0161anai. Izgatavots p\u0113c m\u016bsdien\u012bg\u0101m tehnolo\u0123ij\u0101m un ar roku darbu. Pateicoties biezam met\u0101lam &#8211; ilgm\u016b\u017e\u012bgs un var kurin\u0101t ar malku. Iesp\u0113jama pieg\u0101de. garums 100cm \u00a0&#8211; \u00a0platums 35cm \u00a0&#8211; \u00a0dzi\u013cums 21cm \u00a0&#8211; \u00a0augstums 90cm cena &#8211; 270eur.<\/p>\n","protected":false},"author":1,"featured_media":0,"parent":0,"menu_order":0,"comment_status":"closed","ping_status":"closed","template":"","meta":{"footnotes":""},"class_list":["post-100","page","type-page","status-publish","hentry"],"_links":{"self":[{"href":"http:\/\/www.xmetall.com\/lv\/wp-json\/wp\/v2\/pages\/100","targetHints":{"allow":["GET"]}}],"collection":[{"href":"http:\/\/www.xmetall.com\/lv\/wp-json\/wp\/v2\/pages"}],"about":[{"href":"http:\/\/www.xmetall.com\/lv\/wp-json\/wp\/v2\/types\/page"}],"author":[{"embeddable":true,"href":"http:\/\/www.xmetall.com\/lv\/wp-json\/wp\/v2\/users\/1"}],"replies":[{"embeddable":true,"href":"http:\/\/www.xmetall.com\/lv\/wp-json\/wp\/v2\/comments?post=100"}],"version-history":[{"count":10,"href":"http:\/\/www.xmetall.com\/lv\/wp-json\/wp\/v2\/pages\/100\/revisions"}],"predecessor-version":[{"id":594,"href":"http:\/\/www.xmetall.com\/lv\/wp-json\/wp\/v2\/pages\/100\/revisions\/594"}],"wp:attachment":[{"href":"http:\/\/www.xmetall.com\/lv\/wp-json\/wp\/v2\/media?parent=100"}],"curies":[{"name":"wp","href":"https:\/\/api.w.org\/{rel}","templated":true}]}}